{"id":3448,"date":"2024-04-12T20:18:27","date_gmt":"2024-04-13T02:18:27","guid":{"rendered":"https:\/\/kidzdentausv2.wpenginepowered.com\/?page_id=3448"},"modified":"2024-08-13T12:21:39","modified_gmt":"2024-08-13T18:21:39","slug":"dentista-pediatrico","status":"publish","type":"page","link":"https:\/\/www.kidzdentalaustin.com\/es\/services\/general-dentist-for-children\/pediatric-dentist\/","title":{"rendered":"Dentista pedi\u00e1trico"},"content":{"rendered":"<h2>Dentista pedi\u00e1trico en Austin, TX<\/h2>\n<p>Cuando tu hijo necesite atenci\u00f3n dental en Austin, aseg\u00farate de visitar al dentista pedi\u00e1trico en Kidz Dental. Los dentistas pedi\u00e1tricos completan la educaci\u00f3n en odontolog\u00eda general y luego contin\u00faan estudiando odontolog\u00eda espec\u00edficamente adaptada para ni\u00f1os y sus problemas \u00fanicos de salud oral. Un dentista general que atiende a ni\u00f1os puede ser llamado dentista infantil, pero no dentista pedi\u00e1trico, ya que la odontolog\u00eda pedi\u00e1trica requiere formaci\u00f3n especializada y certificaci\u00f3n.<\/p>\n<blockquote>\n<h5><em> <img loading=\"lazy\" decoding=\"async\" class=\"alignnone wp-image-3764\" src=\"https:\/\/kidzdentausv2.wpenginepowered.com\/wp-content\/uploads\/2024\/08\/lightbulb.png\" alt=\"\" width=\"35\" height=\"35\" \/>\u00bfSAB\u00cdAS QU\u00c9? <\/em><\/h5>\n<p>La Asociaci\u00f3n Dental Americana reconoci\u00f3 oficialmente la odontolog\u00eda pedi\u00e1trica como una especialidad en la d\u00e9cada de 1940. Adem\u00e1s, la Academia Americana de Odontolog\u00eda Pedi\u00e1trica como un campo especializado.<\/p><\/blockquote>\n<h2>Ventajas de elegir un dentista pedi\u00e1trico en Austin<\/h2>\n<p>Como padre, quieres lo mejor para tu hijo, \u00a1y nosotros tambi\u00e9n! Si est\u00e1s evaluando los pros y los contras de elegir un dentista pedi\u00e1trico, estos puntos pueden ayudarte a decidir:<\/p>\n<ul>\n<li>Los dentistas pedi\u00e1tricos han estudiado y tienen experiencia en el uso de herramientas de tama\u00f1o adecuado y materiales dentales apropiados para la edad. Tambi\u00e9n han sido entrenados en el diagn\u00f3stico y tratamiento de problemas de salud oral juvenil. Puedes esperar una experiencia completamente enfocada en el ni\u00f1o con un dentista pedi\u00e1trico.<\/li>\n<li>Los dentistas pedi\u00e1tricos tambi\u00e9n han estudiado el desarrollo conductual y la psicolog\u00eda relacionada con los ni\u00f1os. Entienden c\u00f3mo comunicarse adecuadamente con ni\u00f1os de todas las edades y pueden aplicar t\u00e9cnicas de manejo de comportamiento para crear una experiencia dental positiva.<\/li>\n<li>Los ni\u00f1os que chupan su pulgar, rechinan los dientes o tienen otros h\u00e1bitos nocivos necesitan ayuda para superar estos h\u00e1bitos. Un dentista pedi\u00e1trico puede proporcionar a padres e hijos consejos \u00fatiles sobre c\u00f3mo romper efectivamente los malos h\u00e1bitos de salud oral.<\/li>\n<li>En algunos casos, los ni\u00f1os necesitan sedaci\u00f3n para someterse c\u00f3modamente a procedimientos dentales. Los dentistas pedi\u00e1tricos saben c\u00f3mo administrar de manera segura la sedaci\u00f3n a sus j\u00f3venes pacientes en el consultorio dental.<\/li>\n<li>Los dentistas pedi\u00e1tricos tambi\u00e9n est\u00e1n capacitados en el tratamiento dental de ni\u00f1os con discapacidades. Si tu hijo tiene una discapacidad que afecta c\u00f3mo se siente y responde al tratamiento dental, el dentista pedi\u00e1trico tendr\u00e1 soluciones para hacer que el paciente y los padres se sientan c\u00f3modos. Esto permite que los ni\u00f1os con necesidades especiales reciban la atenci\u00f3n sanitaria oral profesional que necesitan con el m\u00ednimo estr\u00e9s y ansiedad. <a href=\"\/es\/servicios\/dentista-general-para-ninos\/pacientes-con-discapacidad\/\">Los dentistas pedi\u00e1tricos estudian las diversas etapas del desarrollo dental en los ni\u00f1os, por lo que pueden identificar cualquier problema que pueda impactar el desarrollo adecuado de los dientes, paladares y mand\u00edbulas.<\/a>Un dentista pedi\u00e1trico entiende c\u00f3mo relacionarse tanto con los padres como con los ni\u00f1os. Pueden ense\u00f1arte c\u00f3mo ayudar y apoyar la higiene dental diaria de tu hijo en casa, proporcionando consejos sobre el uso del hilo dental y el cepillado, as\u00ed como qu\u00e9 productos de salud oral son m\u00e1s adecuados para tu hijo.<\/li>\n<li>Un dentista pedi\u00e1trico puede manejar todos los aspectos de la odontolog\u00eda de emergencia para ni\u00f1os. Dado que los accidentes ocurren cuando menos los esperas, tener un dentista pedi\u00e1trico en tu marcado r\u00e1pido es una idea prudente.<\/li>\n<li>Un dentista pedi\u00e1trico sabe c\u00f3mo relacionarse con los padres y con los ni\u00f1os. Puede ense\u00f1arle c\u00f3mo ayudar y apoyar la higiene dental diaria de su hijo en casa brind\u00e1ndole consejos sobre el uso del hilo dental y el cepillado, as\u00ed como tambi\u00e9n qu\u00e9 productos de salud bucal son los m\u00e1s adecuados para su hijo.<\/li>\n<li>Un dentista pedi\u00e1trico puede ocuparse de todos los aspectos de la odontolog\u00eda de urgencia para ni\u00f1os. Dado que los accidentes ocurren cuando menos los esperas, tener un dentista pedi\u00e1trico en tu lista de contactos es una buena idea.<\/li>\n<\/ul>\n<h2>\u00a1Visita hoy nuestro dentista pedi\u00e1trico en Austin!<\/h2>\n<p>Nuestra oficina de odontolog\u00eda pedi\u00e1trica recibe a los ni\u00f1os en un mundo divertido y colorido creado espec\u00edficamente para ellos. Llamamos a nuestro enfoque Kidsperience, y es una experiencia \u00fanica con los peque\u00f1os en el coraz\u00f3n de nuestra cultura.<\/p>\n<p>Nuestro equipo har\u00e1 que tanto t\u00fa como tu hijo se sientan bienvenidos, respetados y valorados. Te brindaremos consejos y sugerencias sobre c\u00f3mo cuidar excelente la salud oral de tu hijo en casa. Perm\u00edtenos asociarnos contigo para ayudar a tu peque\u00f1o a establecer una base de gran salud oral para una sonrisa que pueda durar toda la vida.<\/p>\n<p><a href=\"\/es\/contacto\/\">Ponte en contacto con nosotros hoy mismo<\/a> para programar un <a href=\"\/es\/servicios\/cuidado-dental-preventivo\/examenes-dentales-para-ninos\/\">examen<\/a>, revisi\u00f3n, <a href=\"\/es\/servicios\/cuidado-dental-preventivo\/limpiezas-dentales-para-ninos\/\">limpieza<\/a>, o consulta ortod\u00f3ntica para la sonrisa joven favorita de tu familia!<\/p>","protected":false},"excerpt":{"rendered":"<p>La oficina de nuestro dentista pedi\u00e1trico recibe a los ni\u00f1os con un mundo divertido y colorido creado espec\u00edficamente para ellos. \u00a1Estamos ansiosos por conocer a tu hijo!<\/p>","protected":false},"author":2,"featured_media":3527,"parent":3299,"menu_order":0,"comment_status":"closed","ping_status":"closed","template":"","meta":{"_et_pb_use_builder":"","_et_pb_old_content":"","_et_gb_content_width":"","_monsterinsights_skip_tracking":false,"_monsterinsights_sitenote_active":false,"_monsterinsights_sitenote_note":"","_monsterinsights_sitenote_category":0,"footnotes":""},"class_list":["post-3448","page","type-page","status-publish","has-post-thumbnail","hentry"],"aioseo_notices":[],"aioseo_head":"\n\t\t<!-- All in One SEO Pro 4.9.5.2 - aioseo.com -->\n\t<meta name=\"description\" content=\"You want the very best for your child, and so do we! If you\u2019re weighing the pros and cons of choosing a pediatric dentist in Austin, these points may help you decide.\" \/>\n\t<meta name=\"robots\" content=\"max-image-preview:large\" \/>\n\t<link rel=\"canonical\" href=\"https:\/\/www.kidzdentalaustin.com\/es\/services\/general-dentist-for-children\/pediatric-dentist\/\" \/>\n\t<meta name=\"generator\" content=\"All in One SEO Pro (AIOSEO) 4.9.5.2\" \/>\n\t\t<meta property=\"og:locale\" content=\"es_MX\" \/>\n\t\t<meta property=\"og:site_name\" content=\"Kidz Dental | Our dental office is devoted to serving our community and ensuring everyone has affordable access to dental care. We have several payment options available in addition to dental insurance, including Medicaid and CareCredit.\" \/>\n\t\t<meta property=\"og:type\" content=\"company\" \/>\n\t\t<meta property=\"og:title\" content=\"Pediatric Dentist in Austin | Kidz Dental\" \/>\n\t\t<meta property=\"og:description\" content=\"You want the very best for your child, and so do we! If you\u2019re weighing the pros and cons of choosing a pediatric dentist in Austin, these points may help you decide.\" \/>\n\t\t<meta property=\"og:url\" content=\"https:\/\/www.kidzdentalaustin.com\/es\/services\/general-dentist-for-children\/pediatric-dentist\/\" \/>\n\t\t<meta property=\"og:image\" content=\"https:\/\/www.kidzdentalaustin.com\/wp-content\/uploads\/2024\/04\/ChildinDentalChair.jpg\" \/>\n\t\t<meta property=\"og:image:secure_url\" content=\"https:\/\/www.kidzdentalaustin.com\/wp-content\/uploads\/2024\/04\/ChildinDentalChair.jpg\" \/>\n\t\t<meta property=\"og:image:width\" content=\"600\" \/>\n\t\t<meta property=\"og:image:height\" content=\"600\" \/>\n\t\t<meta name=\"twitter:card\" content=\"summary_large_image\" \/>\n\t\t<meta name=\"twitter:title\" content=\"Pediatric Dentist in Austin | Kidz Dental\" \/>\n\t\t<meta name=\"twitter:description\" content=\"You want the very best for your child, and so do we! If you\u2019re weighing the pros and cons of choosing a pediatric dentist in Austin, these points may help you decide.\" \/>\n\t\t<meta name=\"twitter:image\" content=\"https:\/\/kidzdentausv2.wpenginepowered.com\/wp-content\/uploads\/2024\/08\/new-kids-dental-logo.png\" \/>\n\t\t<script type=\"application\/ld+json\" class=\"aioseo-schema\">\n\t\t\t{\"@context\":\"https:\\\/\\\/schema.org\",\"@graph\":[{\"@type\":\"BreadcrumbList\",\"@id\":\"https:\\\/\\\/www.kidzdentalaustin.com\\\/es\\\/services\\\/general-dentist-for-children\\\/pediatric-dentist\\\/#breadcrumblist\",\"itemListElement\":[{\"@type\":\"ListItem\",\"@id\":\"https:\\\/\\\/www.kidzdentalaustin.com\\\/es#listItem\",\"position\":1,\"name\":\"Home\",\"item\":\"https:\\\/\\\/www.kidzdentalaustin.com\\\/es\",\"nextItem\":{\"@type\":\"ListItem\",\"@id\":\"https:\\\/\\\/www.kidzdentalaustin.com\\\/es\\\/services\\\/#listItem\",\"name\":\"Services\"}},{\"@type\":\"ListItem\",\"@id\":\"https:\\\/\\\/www.kidzdentalaustin.com\\\/es\\\/services\\\/#listItem\",\"position\":2,\"name\":\"Services\",\"item\":\"https:\\\/\\\/www.kidzdentalaustin.com\\\/es\\\/services\\\/\",\"nextItem\":{\"@type\":\"ListItem\",\"@id\":\"https:\\\/\\\/www.kidzdentalaustin.com\\\/es\\\/services\\\/general-dentist-for-children\\\/#listItem\",\"name\":\"General Dentist for Children\"},\"previousItem\":{\"@type\":\"ListItem\",\"@id\":\"https:\\\/\\\/www.kidzdentalaustin.com\\\/es#listItem\",\"name\":\"Home\"}},{\"@type\":\"ListItem\",\"@id\":\"https:\\\/\\\/www.kidzdentalaustin.com\\\/es\\\/services\\\/general-dentist-for-children\\\/#listItem\",\"position\":3,\"name\":\"General Dentist for Children\",\"item\":\"https:\\\/\\\/www.kidzdentalaustin.com\\\/es\\\/services\\\/general-dentist-for-children\\\/\",\"nextItem\":{\"@type\":\"ListItem\",\"@id\":\"https:\\\/\\\/www.kidzdentalaustin.com\\\/es\\\/services\\\/general-dentist-for-children\\\/pediatric-dentist\\\/#listItem\",\"name\":\"Pediatric Dentist\"},\"previousItem\":{\"@type\":\"ListItem\",\"@id\":\"https:\\\/\\\/www.kidzdentalaustin.com\\\/es\\\/services\\\/#listItem\",\"name\":\"Services\"}},{\"@type\":\"ListItem\",\"@id\":\"https:\\\/\\\/www.kidzdentalaustin.com\\\/es\\\/services\\\/general-dentist-for-children\\\/pediatric-dentist\\\/#listItem\",\"position\":4,\"name\":\"Pediatric Dentist\",\"previousItem\":{\"@type\":\"ListItem\",\"@id\":\"https:\\\/\\\/www.kidzdentalaustin.com\\\/es\\\/services\\\/general-dentist-for-children\\\/#listItem\",\"name\":\"General Dentist for Children\"}}]},{\"@type\":\"Organization\",\"@id\":\"https:\\\/\\\/www.kidzdentalaustin.com\\\/es\\\/#organization\",\"name\":\"Kidz Dental\",\"description\":\"Our dental office is devoted to serving our community and ensuring everyone has affordable access to dental care. We have several payment options available in addition to dental insurance, including Medicaid and CareCredit.\",\"url\":\"https:\\\/\\\/www.kidzdentalaustin.com\\\/es\\\/\",\"email\":\"info@kidzdentalaustin.com\",\"telephone\":\"+15125965043\",\"logo\":{\"@type\":\"ImageObject\",\"url\":\"https:\\\/\\\/kidzdentausv2.wpenginepowered.com\\\/wp-content\\\/uploads\\\/2024\\\/08\\\/new-kids-dental-logo.png\",\"@id\":\"https:\\\/\\\/www.kidzdentalaustin.com\\\/es\\\/services\\\/general-dentist-for-children\\\/pediatric-dentist\\\/#organizationLogo\"},\"image\":{\"@id\":\"https:\\\/\\\/www.kidzdentalaustin.com\\\/es\\\/services\\\/general-dentist-for-children\\\/pediatric-dentist\\\/#organizationLogo\"},\"sameAs\":[\"https:\\\/\\\/www.facebook.com\\\/kidzdentalaustin\\\/\",\"https:\\\/\\\/en.yelp.com.ph\\\/biz\\\/kidz-dental-austin\"],\"address\":{\"@id\":\"https:\\\/\\\/www.kidzdentalaustin.com\\\/es\\\/#postaladdress\",\"@type\":\"PostalAddress\",\"streetAddress\":\"500 W. William Cannon Dr., Suite 516\",\"postalCode\":\"78745\",\"addressLocality\":\"Austin\",\"addressRegion\":\"Texas\",\"addressCountry\":\"US\"}},{\"@type\":\"WebPage\",\"@id\":\"https:\\\/\\\/www.kidzdentalaustin.com\\\/es\\\/services\\\/general-dentist-for-children\\\/pediatric-dentist\\\/#webpage\",\"url\":\"https:\\\/\\\/www.kidzdentalaustin.com\\\/es\\\/services\\\/general-dentist-for-children\\\/pediatric-dentist\\\/\",\"name\":\"Pediatric Dentist in Austin | Kidz Dental\",\"description\":\"You want the very best for your child, and so do we! If you\\u2019re weighing the pros and cons of choosing a pediatric dentist in Austin, these points may help you decide.\",\"inLanguage\":\"es-MX\",\"isPartOf\":{\"@id\":\"https:\\\/\\\/www.kidzdentalaustin.com\\\/es\\\/#website\"},\"breadcrumb\":{\"@id\":\"https:\\\/\\\/www.kidzdentalaustin.com\\\/es\\\/services\\\/general-dentist-for-children\\\/pediatric-dentist\\\/#breadcrumblist\"},\"image\":{\"@type\":\"ImageObject\",\"url\":\"https:\\\/\\\/www.kidzdentalaustin.com\\\/wp-content\\\/uploads\\\/2024\\\/04\\\/ChildinDentalChair.jpg\",\"@id\":\"https:\\\/\\\/www.kidzdentalaustin.com\\\/es\\\/services\\\/general-dentist-for-children\\\/pediatric-dentist\\\/#mainImage\",\"width\":600,\"height\":600,\"caption\":\"Child at the Dentist's Office\"},\"primaryImageOfPage\":{\"@id\":\"https:\\\/\\\/www.kidzdentalaustin.com\\\/es\\\/services\\\/general-dentist-for-children\\\/pediatric-dentist\\\/#mainImage\"},\"datePublished\":\"2024-04-12T20:18:27-06:00\",\"dateModified\":\"2024-08-13T12:21:39-06:00\"},{\"@type\":\"WebSite\",\"@id\":\"https:\\\/\\\/www.kidzdentalaustin.com\\\/es\\\/#website\",\"url\":\"https:\\\/\\\/www.kidzdentalaustin.com\\\/es\\\/\",\"name\":\"Kidz Dental\",\"alternateName\":\"Kidz Dental Austin\",\"description\":\"Our dental office is devoted to serving our community and ensuring everyone has affordable access to dental care. We have several payment options available in addition to dental insurance, including Medicaid and CareCredit.\",\"inLanguage\":\"es-MX\",\"publisher\":{\"@id\":\"https:\\\/\\\/www.kidzdentalaustin.com\\\/es\\\/#organization\"}}]}\n\t\t<\/script>\n\t\t<!-- All in One SEO Pro -->\r\n\t\t<title>Pediatric Dentist in Austin | Kidz Dental<\/title>\n\n","aioseo_head_json":{"title":"Dentista pedi\u00e1trico en Austin | Kidz Dental","description":"\u00a1Quieres lo mejor para tu hijo, y nosotros tambi\u00e9n! Si est\u00e1s evaluando los pros y los contras de elegir un dentista pedi\u00e1trico en Austin, estos puntos pueden ayudarte a decidir.","canonical_url":"https:\/\/www.kidzdentalaustin.com\/es\/services\/general-dentist-for-children\/pediatric-dentist\/","robots":"max-image-preview:large","keywords":"","webmasterTools":{"miscellaneous":""},"schema":{"@context":"https:\/\/schema.org","@graph":[{"@type":"BreadcrumbList","@id":"https:\/\/www.kidzdentalaustin.com\/es\/services\/general-dentist-for-children\/pediatric-dentist\/#breadcrumblist","itemListElement":[{"@type":"ListItem","@id":"https:\/\/www.kidzdentalaustin.com\/es#listItem","position":1,"name":"Home","item":"https:\/\/www.kidzdentalaustin.com\/es","nextItem":{"@type":"ListItem","@id":"https:\/\/www.kidzdentalaustin.com\/es\/services\/#listItem","name":"Services"}},{"@type":"ListItem","@id":"https:\/\/www.kidzdentalaustin.com\/es\/services\/#listItem","position":2,"name":"Services","item":"https:\/\/www.kidzdentalaustin.com\/es\/services\/","nextItem":{"@type":"ListItem","@id":"https:\/\/www.kidzdentalaustin.com\/es\/services\/general-dentist-for-children\/#listItem","name":"General Dentist for Children"},"previousItem":{"@type":"ListItem","@id":"https:\/\/www.kidzdentalaustin.com\/es#listItem","name":"Home"}},{"@type":"ListItem","@id":"https:\/\/www.kidzdentalaustin.com\/es\/services\/general-dentist-for-children\/#listItem","position":3,"name":"General Dentist for Children","item":"https:\/\/www.kidzdentalaustin.com\/es\/services\/general-dentist-for-children\/","nextItem":{"@type":"ListItem","@id":"https:\/\/www.kidzdentalaustin.com\/es\/services\/general-dentist-for-children\/pediatric-dentist\/#listItem","name":"Pediatric Dentist"},"previousItem":{"@type":"ListItem","@id":"https:\/\/www.kidzdentalaustin.com\/es\/services\/#listItem","name":"Services"}},{"@type":"ListItem","@id":"https:\/\/www.kidzdentalaustin.com\/es\/services\/general-dentist-for-children\/pediatric-dentist\/#listItem","position":4,"name":"Pediatric Dentist","previousItem":{"@type":"ListItem","@id":"https:\/\/www.kidzdentalaustin.com\/es\/services\/general-dentist-for-children\/#listItem","name":"General Dentist for Children"}}]},{"@type":"Organization","@id":"https:\/\/www.kidzdentalaustin.com\/es\/#organization","name":"Kidz Dental","description":"Our dental office is devoted to serving our community and ensuring everyone has affordable access to dental care. We have several payment options available in addition to dental insurance, including Medicaid and CareCredit.","url":"https:\/\/www.kidzdentalaustin.com\/es\/","email":"info@kidzdentalaustin.com","telephone":"+15125965043","logo":{"@type":"ImageObject","url":"https:\/\/kidzdentausv2.wpenginepowered.com\/wp-content\/uploads\/2024\/08\/new-kids-dental-logo.png","@id":"https:\/\/www.kidzdentalaustin.com\/es\/services\/general-dentist-for-children\/pediatric-dentist\/#organizationLogo"},"image":{"@id":"https:\/\/www.kidzdentalaustin.com\/es\/services\/general-dentist-for-children\/pediatric-dentist\/#organizationLogo"},"sameAs":["https:\/\/www.facebook.com\/kidzdentalaustin\/","https:\/\/en.yelp.com.ph\/biz\/kidz-dental-austin"],"address":{"@id":"https:\/\/www.kidzdentalaustin.com\/es\/#postaladdress","@type":"PostalAddress","streetAddress":"500 W. William Cannon Dr., Suite 516","postalCode":"78745","addressLocality":"Austin","addressRegion":"Texas","addressCountry":"US"}},{"@type":"WebPage","@id":"https:\/\/www.kidzdentalaustin.com\/es\/services\/general-dentist-for-children\/pediatric-dentist\/#webpage","url":"https:\/\/www.kidzdentalaustin.com\/es\/services\/general-dentist-for-children\/pediatric-dentist\/","name":"Pediatric Dentist in Austin | Kidz Dental","description":"You want the very best for your child, and so do we! If you\u2019re weighing the pros and cons of choosing a pediatric dentist in Austin, these points may help you decide.","inLanguage":"es-MX","isPartOf":{"@id":"https:\/\/www.kidzdentalaustin.com\/es\/#website"},"breadcrumb":{"@id":"https:\/\/www.kidzdentalaustin.com\/es\/services\/general-dentist-for-children\/pediatric-dentist\/#breadcrumblist"},"image":{"@type":"ImageObject","url":"https:\/\/www.kidzdentalaustin.com\/wp-content\/uploads\/2024\/04\/ChildinDentalChair.jpg","@id":"https:\/\/www.kidzdentalaustin.com\/es\/services\/general-dentist-for-children\/pediatric-dentist\/#mainImage","width":600,"height":600,"caption":"Child at the Dentist's Office"},"primaryImageOfPage":{"@id":"https:\/\/www.kidzdentalaustin.com\/es\/services\/general-dentist-for-children\/pediatric-dentist\/#mainImage"},"datePublished":"2024-04-12T20:18:27-06:00","dateModified":"2024-08-13T12:21:39-06:00"},{"@type":"WebSite","@id":"https:\/\/www.kidzdentalaustin.com\/es\/#website","url":"https:\/\/www.kidzdentalaustin.com\/es\/","name":"Kidz Dental","alternateName":"Kidz Dental Austin","description":"Our dental office is devoted to serving our community and ensuring everyone has affordable access to dental care. We have several payment options available in addition to dental insurance, including Medicaid and CareCredit.","inLanguage":"es-MX","publisher":{"@id":"https:\/\/www.kidzdentalaustin.com\/es\/#organization"}}]},"og:locale":"es_MX","og:site_name":"Kidz Dental | Our dental office is devoted to serving our community and ensuring everyone has affordable access to dental care. We have several payment options available in addition to dental insurance, including Medicaid and CareCredit.","og:type":"company","og:title":"Pediatric Dentist in Austin | Kidz Dental","og:description":"You want the very best for your child, and so do we! If you\u2019re weighing the pros and cons of choosing a pediatric dentist in Austin, these points may help you decide.","og:url":"https:\/\/www.kidzdentalaustin.com\/es\/services\/general-dentist-for-children\/pediatric-dentist\/","og:image":"https:\/\/www.kidzdentalaustin.com\/wp-content\/uploads\/2024\/04\/ChildinDentalChair.jpg","og:image:secure_url":"https:\/\/www.kidzdentalaustin.com\/wp-content\/uploads\/2024\/04\/ChildinDentalChair.jpg","og:image:width":600,"og:image:height":600,"twitter:card":"summary_large_image","twitter:title":"Pediatric Dentist in Austin | Kidz Dental","twitter:description":"You want the very best for your child, and so do we! If you\u2019re weighing the pros and cons of choosing a pediatric dentist in Austin, these points may help you decide.","twitter:image":"https:\/\/kidzdentausv2.wpenginepowered.com\/wp-content\/uploads\/2024\/08\/new-kids-dental-logo.png"},"aioseo_meta_data":{"post_id":"3448","title":null,"description":null,"keywords":null,"keyphrases":{"focus":{"keyphrase":"","score":0,"analysis":{"keyphraseInTitle":{"score":0,"maxScore":9,"error":1}}},"additional":[]},"primary_term":null,"canonical_url":null,"og_title":null,"og_description":null,"og_object_type":"default","og_image_type":"default","og_image_url":null,"og_image_width":null,"og_image_height":null,"og_image_custom_url":null,"og_image_custom_fields":null,"og_video":"","og_custom_url":null,"og_article_section":null,"og_article_tags":null,"twitter_use_og":false,"twitter_card":"default","twitter_image_type":"default","twitter_image_url":null,"twitter_image_custom_url":null,"twitter_image_custom_fields":null,"twitter_title":null,"twitter_description":null,"schema":{"blockGraphs":[],"customGraphs":[],"default":{"data":{"Article":[],"Course":[],"Dataset":[],"FAQPage":[],"Movie":[],"Person":[],"Product":[],"ProductReview":[],"Car":[],"Recipe":[],"Service":[],"SoftwareApplication":[],"WebPage":[]},"graphName":"WebPage","isEnabled":true},"graphs":[]},"schema_type":"default","schema_type_options":null,"pillar_content":false,"robots_default":true,"robots_noindex":false,"robots_noarchive":false,"robots_nosnippet":false,"robots_nofollow":false,"robots_noimageindex":false,"robots_noodp":false,"robots_notranslate":false,"robots_max_snippet":"-1","robots_max_videopreview":"-1","robots_max_imagepreview":"large","priority":null,"frequency":"default","local_seo":null,"seo_analyzer_scan_date":"2025-08-14 20:50:11","limit_modified_date":false,"open_ai":"{\"title\":{\"suggestions\":[],\"usage\":0},\"description\":{\"suggestions\":[],\"usage\":0}}","ai":null,"created":"2024-04-13 02:18:27","updated":"2025-10-21 20:14:10"},"aioseo_breadcrumb":"<div class=\"aioseo-breadcrumbs\"><span class=\"aioseo-breadcrumb\">\n\t<a href=\"https:\/\/www.kidzdentalaustin.com\/es\" title=\"Home\">Home<\/a>\n<\/span><span class=\"aioseo-breadcrumb-separator\">&raquo;<\/span><span class=\"aioseo-breadcrumb\">\n\t<a href=\"https:\/\/www.kidzdentalaustin.com\/es\/services\/\" title=\"Services\">Services<\/a>\n<\/span><span class=\"aioseo-breadcrumb-separator\">&raquo;<\/span><span class=\"aioseo-breadcrumb\">\n\t<a href=\"https:\/\/www.kidzdentalaustin.com\/es\/services\/general-dentist-for-children\/\" title=\"General Dentist for Children\">General Dentist for Children<\/a>\n<\/span><span class=\"aioseo-breadcrumb-separator\">&raquo;<\/span><span class=\"aioseo-breadcrumb\">\n\tPediatric Dentist\n<\/span><\/div>","aioseo_breadcrumb_json":[{"label":"Home","link":"https:\/\/www.kidzdentalaustin.com\/es"},{"label":"Services","link":"https:\/\/www.kidzdentalaustin.com\/es\/services\/"},{"label":"General Dentist for Children","link":"https:\/\/www.kidzdentalaustin.com\/es\/services\/general-dentist-for-children\/"},{"label":"Pediatric Dentist","link":"https:\/\/www.kidzdentalaustin.com\/es\/services\/general-dentist-for-children\/pediatric-dentist\/"}],"_links":{"self":[{"href":"https:\/\/www.kidzdentalaustin.com\/es\/wp-json\/wp\/v2\/pages\/3448","targetHints":{"allow":["GET"]}}],"collection":[{"href":"https:\/\/www.kidzdentalaustin.com\/es\/wp-json\/wp\/v2\/pages"}],"about":[{"href":"https:\/\/www.kidzdentalaustin.com\/es\/wp-json\/wp\/v2\/types\/page"}],"author":[{"embeddable":true,"href":"https:\/\/www.kidzdentalaustin.com\/es\/wp-json\/wp\/v2\/users\/2"}],"replies":[{"embeddable":true,"href":"https:\/\/www.kidzdentalaustin.com\/es\/wp-json\/wp\/v2\/comments?post=3448"}],"version-history":[{"count":0,"href":"https:\/\/www.kidzdentalaustin.com\/es\/wp-json\/wp\/v2\/pages\/3448\/revisions"}],"up":[{"embeddable":true,"href":"https:\/\/www.kidzdentalaustin.com\/es\/wp-json\/wp\/v2\/pages\/3299"}],"wp:featuredmedia":[{"embeddable":true,"href":"https:\/\/www.kidzdentalaustin.com\/es\/wp-json\/wp\/v2\/media\/3527"}],"wp:attachment":[{"href":"https:\/\/www.kidzdentalaustin.com\/es\/wp-json\/wp\/v2\/media?parent=3448"}],"curies":[{"name":"wp","href":"https:\/\/api.w.org\/{rel}","templated":true}]}}